{"id":853,"date":"2025-12-10T23:37:49","date_gmt":"2025-12-10T23:37:49","guid":{"rendered":"https:\/\/kameofficiel.fr\/?post_type=product&#038;p=853"},"modified":"2026-02-08T08:13:05","modified_gmt":"2026-02-08T08:13:05","slug":"citron-coussin-compact","status":"publish","type":"product","link":"https:\/\/kameofficiel.fr\/index.php\/produit\/citron-coussin-compact\/","title":{"rendered":"\u00ab\u00a0Citron\u00a0\u00bb Coussin Compact"},"content":{"rendered":"<p>Le petit coussin chauffant compact\u00a0\u00ab\u00a0Citron\u00a0\u00bb est le plus petit mod\u00e8le de la famille KAME, pens\u00e9 pour \u00eatre compact, polyvalent et utile au quotidien. \u00c0 temp\u00e9rature ambiante, il sert de coussin de d\u00e9tente ou d\u2019accessoire bien-\u00eatre pour le yoga, gr\u00e2ce \u00e0 son effet lest\u00e9 et occultant qui apaise instantan\u00e9ment les paupi\u00e8res et d\u00e9tend le visage.<\/p>\n<p>Utilis\u00e9 froid, il soulage efficacement les migraines ou\u00a0les maux de t\u00eate, \u00a0les petites blessures et les contusions gr\u00e2ce \u00e0 son format pr\u00e9cis et facile \u00e0 appliquer. Chauff\u00e9 quelques secondes, il devient un alli\u00e9 id\u00e9al pour apaiser les coliques des b\u00e9b\u00e9s, r\u00e9chauffer les mains froides ou offrir un moment de douceur en hiver.<\/p>\n<p>Compact, rapide \u00e0 chauffer et facile \u00e0 emporter, le mod\u00e8le Citron est un indispensable pour toute la famille.<\/p>\n<p>&nbsp;<\/p>\n<p>Caracte\u0301ristiques du produit Dimensions &amp; poids<\/p>\n<p>\u25cf 22cmx11cm \u25cf 250 g de ble\u0301<\/p>\n<p>Coussin inte\u0301rieur<\/p>\n<ul>\n<li>\u25cf \u00a0Un seul compartiment<\/li>\n<li>\u25cf \u00a0Tissu 100% coton bio<\/li>\n<li>\u25cf \u00a0Remplissage : ble\u0301 rouge de Bordeaux issu de l\u2019agriculture biologique<\/li>\n<li>\u25cf \u00a0Ne pas laver le coussin a\u0300 graines \u26a0<\/li>\n<\/ul>\n<p>Housse exte\u0301rieure<\/p>\n<ul>\n<li>\u25cf \u00a0Tissu 100% coton certifie\u0301 Oeko-Tex\u00ae<\/li>\n<li>\u25cf \u00a0Lavable a\u0300 30\u00b0C<\/li>\n<li>\u25cf \u00a0Repassage doux conseille\u0301<\/li>\n<\/ul>\n","protected":false},"excerpt":{"rendered":"<p>\u00ab\u00a0Citron\u00a0\u00bb coussin compact est le plus petit coussin chauffant de la gamme, compact et polyvalent pour toute la famille.<\/p>\n","protected":false},"featured_media":603,"comment_status":"open","ping_status":"closed","template":"","meta":[],"product_brand":[],"product_cat":[19],"product_tag":[],"class_list":{"0":"post-853","1":"product","2":"type-product","3":"status-publish","4":"has-post-thumbnail","6":"product_cat-compact-modele","8":"first","9":"instock","10":"shipping-taxable","11":"purchasable","12":"product-type-simple"},"_links":{"self":[{"href":"https:\/\/kameofficiel.fr\/index.php\/wp-json\/wp\/v2\/product\/853","targetHints":{"allow":["GET"]}}],"collection":[{"href":"https:\/\/kameofficiel.fr\/index.php\/wp-json\/wp\/v2\/product"}],"about":[{"href":"https:\/\/kameofficiel.fr\/index.php\/wp-json\/wp\/v2\/types\/product"}],"replies":[{"embeddable":true,"href":"https:\/\/kameofficiel.fr\/index.php\/wp-json\/wp\/v2\/comments?post=853"}],"wp:featuredmedia":[{"embeddable":true,"href":"https:\/\/kameofficiel.fr\/index.php\/wp-json\/wp\/v2\/media\/603"}],"wp:attachment":[{"href":"https:\/\/kameofficiel.fr\/index.php\/wp-json\/wp\/v2\/media?parent=853"}],"wp:term":[{"taxonomy":"product_brand","embeddable":true,"href":"https:\/\/kameofficiel.fr\/index.php\/wp-json\/wp\/v2\/product_brand?post=853"},{"taxonomy":"product_cat","embeddable":true,"href":"https:\/\/kameofficiel.fr\/index.php\/wp-json\/wp\/v2\/product_cat?post=853"},{"taxonomy":"product_tag","embeddable":true,"href":"https:\/\/kameofficiel.fr\/index.php\/wp-json\/wp\/v2\/product_tag?post=853"}],"curies":[{"name":"wp","href":"https:\/\/api.w.org\/{rel}","templated":true}]}}