{"id":851,"date":"2025-12-10T23:30:52","date_gmt":"2025-12-10T23:30:52","guid":{"rendered":"https:\/\/kameofficiel.fr\/?post_type=product&#038;p=851"},"modified":"2025-12-13T10:22:03","modified_gmt":"2025-12-13T10:22:03","slug":"citron-moyen-coussin-kame","status":"publish","type":"product","link":"https:\/\/kameofficiel.fr\/index.php\/produit\/citron-moyen-coussin-kame\/","title":{"rendered":"\u00ab\u00a0Citron\u00a0\u00bb Moyen Coussin"},"content":{"rendered":"<div class=\"wp-block-group is-nowrap is-layout-flex wp-container-core-group-is-layout-ad2f72ca wp-block-group-is-layout-flex\">\n<p>\u00ab\u00a0Citron\u00a0\u00bb moyen coussin chauffant KAME s\u00e9duit par son tissu jaune vif qui apporte une touche de bonne humeur et de chaleur.<\/p>\n<p>Compos\u00e9 de 5 compartiments, c&rsquo;est un mod\u00e8le l\u00e9ger, maniable, tr\u00e8s<br \/>\npolyvalent et qui chauffe vite. Gr\u00e2ce \u00e0 sa forme allong\u00e9e, il tient tout seul autour du cou, comme une petite<br \/>\n\u00e9charpe chauffante qui enveloppe les cervicales d\u2019une chaleur douce et apaisante.<br \/>\nC\u2019est \u00e9galement le mod\u00e8le privil\u00e9gi\u00e9 pour les b\u00e9b\u00e9s et les enfants : son poids l\u00e9ger, sa<br \/>\ntaille compacte et sa chaleur progressive en font un alli\u00e9 id\u00e9al pour calmer les coliques, les<br \/>\nmaux de ventre, les maux de t\u00eate, ou accompagner les moments de r\u00e9confort (angoisses,<br \/>\nfrustration, endormissement).<br \/>\nUtilis\u00e9 froid, il apaise les petites blessures du quotidien, les bosses et les bleus, gr\u00e2ce \u00e0 son<br \/>\ngarnissage naturel et non agressif.<\/p>\n<\/div>\n<h4 class=\"wp-block-heading\">Caract\u00e9ristiques<\/h4>\n<ul class=\"wp-block-list\">\n<li>Dimensions : 39 \u00d7 13 cm ( 5 x 8cm x 13cm )<\/li>\n<li>Poids : 400 g<\/li>\n<li>Coussin int\u00e9rieur : 100 % coton bio compartiment\u00e9 en 5 parties (non lavable)<\/li>\n<li>Garnissage : bl\u00e9 rouge de Bordeaux biologique<\/li>\n<li>Housse : coton 100 % bio ou Oeko-Tex, lavable \u00e0 30\u00b0 (repassage doux)<\/li>\n<li>Temps de chauffe : 1 min 40 \u00e0 600 W<\/li>\n<\/ul>\n","protected":false},"excerpt":{"rendered":"<p>\u00ab\u00a0Citron\u00a0\u00bb moyen coussin KAME s\u00e9duit par son tissu jaune vif qui apporte une touche de bonne humeur et de chaleur. Compact et polyvalent, il convient autant aux enfants qu\u2019aux adultes pour soulager les cervicales.<\/p>\n<p>&nbsp;<\/p>\n","protected":false},"featured_media":856,"comment_status":"open","ping_status":"closed","template":"","meta":[],"product_brand":[],"product_cat":[18],"product_tag":[],"class_list":{"0":"post-851","1":"product","2":"type-product","3":"status-publish","4":"has-post-thumbnail","6":"product_cat-moyen-modele","8":"first","9":"instock","10":"shipping-taxable","11":"purchasable","12":"product-type-simple"},"_links":{"self":[{"href":"https:\/\/kameofficiel.fr\/index.php\/wp-json\/wp\/v2\/product\/851","targetHints":{"allow":["GET"]}}],"collection":[{"href":"https:\/\/kameofficiel.fr\/index.php\/wp-json\/wp\/v2\/product"}],"about":[{"href":"https:\/\/kameofficiel.fr\/index.php\/wp-json\/wp\/v2\/types\/product"}],"replies":[{"embeddable":true,"href":"https:\/\/kameofficiel.fr\/index.php\/wp-json\/wp\/v2\/comments?post=851"}],"wp:featuredmedia":[{"embeddable":true,"href":"https:\/\/kameofficiel.fr\/index.php\/wp-json\/wp\/v2\/media\/856"}],"wp:attachment":[{"href":"https:\/\/kameofficiel.fr\/index.php\/wp-json\/wp\/v2\/media?parent=851"}],"wp:term":[{"taxonomy":"product_brand","embeddable":true,"href":"https:\/\/kameofficiel.fr\/index.php\/wp-json\/wp\/v2\/product_brand?post=851"},{"taxonomy":"product_cat","embeddable":true,"href":"https:\/\/kameofficiel.fr\/index.php\/wp-json\/wp\/v2\/product_cat?post=851"},{"taxonomy":"product_tag","embeddable":true,"href":"https:\/\/kameofficiel.fr\/index.php\/wp-json\/wp\/v2\/product_tag?post=851"}],"curies":[{"name":"wp","href":"https:\/\/api.w.org\/{rel}","templated":true}]}}