{"id":834,"date":"2025-12-09T21:24:00","date_gmt":"2025-12-09T21:24:00","guid":{"rendered":"https:\/\/kameofficiel.fr\/?post_type=product&#038;p=834"},"modified":"2026-02-08T08:11:05","modified_gmt":"2026-02-08T08:11:05","slug":"toscane-grand-coussin-9-compartiments","status":"publish","type":"product","link":"https:\/\/kameofficiel.fr\/index.php\/produit\/toscane-grand-coussin-9-compartiments\/","title":{"rendered":"\u00ab\u00a0Hourtin\u00a0\u00bb Grand Coussin 9 Compartiments"},"content":{"rendered":"<p>\u00ab\u00a0Hourtin\u00a0\u00bb grand coussin chauffant 9 compartiments KAME affiche une esth\u00e9tique naturelle et contemporaine avec ses tons kaki et beige relev\u00e9s d&rsquo;un orange fonc\u00e9. Une combinaison de couleurs harmonieuse pour un coussin chauffant \u00e0 la fois utile et \u00e9l\u00e9gant qui rappelle les for\u00eats du M\u00e9doc.<\/p>\n<p>Gra\u0302ce a\u0300 ses 9 compartiments bien re\u0301partis, les graines restent parfaitement en place : elles ne glissent pas, ne s\u2019agglome\u0300rent pas, et garantissent une chaleur homoge\u0300ne qui enveloppe toute la zone cervicale.<br \/>\nLe coussin Hourtin 9 compartiments aide ainsi a\u0300 apaiser les tensions cervicales, les douleurs d\u2019e\u0301paules, les migraines, et accompagne aussi les moments de de\u0301tente apre\u0300s une longue journe\u0301e.<\/p>\n<p>Plus structure\u0301 que le mode\u0300le 6 compartiments, il offre un maintien renforce\u0301, ide\u0301al pour garder la chaleur en hauteur ou pour une utilisation en position assise.<\/p>\n<p>Caracte\u0301ristiques du produit Dimensions &amp; poids<\/p>\n<p>\u25cf 66cmx23cm \u25cf 1000g<\/p>\n<p>Coussin inte\u0301rieur<\/p>\n<ul>\n<li>\u25cf \u00a0Compartimente\u0301 en 9 parties pour un maintien plus ferme<\/li>\n<li>\u25cf \u00a0Tissu 100% coton bio<\/li>\n<li>\u25cf \u00a0Remplissage : ble\u0301 rouge de Bordeaux issu de l\u2019agriculture biologique<\/li>\n<li>\u25cf \u00a0Ne pas laver le coussin a\u0300 graines \u26a0<\/li>\n<\/ul>\n<p>Housse exte\u0301rieure<\/p>\n<ul>\n<li>\u25cf \u00a0Tissu 100% coton certifie\u0301 Oeko-Tex\u00ae<\/li>\n<li>\u25cf \u00a0Lavable a\u0300 30\u00b0C<\/li>\n<li>\u25cf \u00a0Repassage doux<\/li>\n<\/ul>\n","protected":false},"excerpt":{"rendered":"<p>\u00ab\u00a0Hourtin\u00a0\u00bb grand coussin 9 compartiments KAME affiche une esth\u00e9tique naturelle et contemporaine avec ses tons kaki et beige relev\u00e9s d&rsquo;un orange fonc\u00e9 rappelant les for\u00eats du M\u00e9doc.<\/p>\n","protected":false},"featured_media":703,"comment_status":"open","ping_status":"closed","template":"","meta":[],"product_brand":[],"product_cat":[21],"product_tag":[],"class_list":{"0":"post-834","1":"product","2":"type-product","3":"status-publish","4":"has-post-thumbnail","6":"product_cat-neuf-compartiments","8":"first","9":"instock","10":"shipping-taxable","11":"purchasable","12":"product-type-simple"},"_links":{"self":[{"href":"https:\/\/kameofficiel.fr\/index.php\/wp-json\/wp\/v2\/product\/834","targetHints":{"allow":["GET"]}}],"collection":[{"href":"https:\/\/kameofficiel.fr\/index.php\/wp-json\/wp\/v2\/product"}],"about":[{"href":"https:\/\/kameofficiel.fr\/index.php\/wp-json\/wp\/v2\/types\/product"}],"replies":[{"embeddable":true,"href":"https:\/\/kameofficiel.fr\/index.php\/wp-json\/wp\/v2\/comments?post=834"}],"wp:featuredmedia":[{"embeddable":true,"href":"https:\/\/kameofficiel.fr\/index.php\/wp-json\/wp\/v2\/media\/703"}],"wp:attachment":[{"href":"https:\/\/kameofficiel.fr\/index.php\/wp-json\/wp\/v2\/media?parent=834"}],"wp:term":[{"taxonomy":"product_brand","embeddable":true,"href":"https:\/\/kameofficiel.fr\/index.php\/wp-json\/wp\/v2\/product_brand?post=834"},{"taxonomy":"product_cat","embeddable":true,"href":"https:\/\/kameofficiel.fr\/index.php\/wp-json\/wp\/v2\/product_cat?post=834"},{"taxonomy":"product_tag","embeddable":true,"href":"https:\/\/kameofficiel.fr\/index.php\/wp-json\/wp\/v2\/product_tag?post=834"}],"curies":[{"name":"wp","href":"https:\/\/api.w.org\/{rel}","templated":true}]}}