{"id":833,"date":"2025-12-09T21:20:06","date_gmt":"2025-12-09T21:20:06","guid":{"rendered":"https:\/\/kameofficiel.fr\/?post_type=product&#038;p=833"},"modified":"2026-02-08T08:09:31","modified_gmt":"2026-02-08T08:09:31","slug":"toscane-grand-coussin-6-compartiments","status":"publish","type":"product","link":"https:\/\/kameofficiel.fr\/index.php\/produit\/toscane-grand-coussin-6-compartiments\/","title":{"rendered":"\u00ab\u00a0Hourtin\u00a0\u00bb Grand Coussin 6 Compartiments"},"content":{"rendered":"<p>\u00ab\u00a0Hourtin\u00a0\u00bb grand coussin chauffant 6 compartiments KAME associe un kaki profond avec du beige et une pointe d&rsquo;orange fonc\u00e9 rappelant les for\u00eats du M\u00e9doc. Il manifeste un design \u00e9pur\u00e9 qui s&rsquo;int\u00e8gre facilement \u00e0 votre int\u00e9rieur tout en offrant une chaleur r\u00e9confortante.<\/p>\n<p>Gra\u0302ce a\u0300 ses 6 compartiments parfaitement re\u0301partis, il e\u0301pouse les courbes du corps \u2014 notamment le ventre, le bas du dos, les e\u0301paules ou les hanches \u2014 pour diffuser une chaleur douce et homoge\u0300ne sur les zones sensibles.<\/p>\n<p>Son garnissage mobile en ble\u0301 rouge de Bordeaux bio garantit une re\u0301partition e\u0301quilibre\u0301e de la chaleur (ou du froid), un toucher naturellement doux et un effet le\u0301ge\u0300rement leste\u0301 qui favorise une de\u0301tente profonde et durable.<br \/>\nApplique\u0301 sur une zone douloureuse, le coussin Hourtin aide a\u0300 soulager les tensions musculaires, les crampes, les douleurs menstruelles ou lombaires, et procure une sensation de confort imme\u0301diat.<\/p>\n<p>Parfait pour les moments cocooning, la re\u0301cupe\u0301ration, la relaxation et les routines bien-e\u0302tre du quotidien.<\/p>\n<p>Caracte\u0301ristiques du produit Dimensions &amp; poids<\/p>\n<p>\u25cf 66cmx23cm \u25cf 1000 g de ble\u0301<\/p>\n<p>Coussin inte\u0301rieur<\/p>\n<ul>\n<li>\u25cf \u00a0Compartimente\u0301 en 6 parties pour une diffusion homoge\u0300ne<\/li>\n<li>\u25cf \u00a0Tissu 100% coton bio<\/li>\n<li>\u25cf \u00a0Remplissage : ble\u0301 rouge de Bordeaux issu de l\u2019agriculture biologique<\/li>\n<li>\u25cf \u00a0Ne pas laver le coussin a\u0300 graines \u26a0<\/li>\n<\/ul>\n<p>Housse exte\u0301rieure<\/p>\n<ul>\n<li>\u25cf \u00a0Tissu 100% coton certifie\u0301 Oeko-Tex\u00ae<\/li>\n<li>\u25cf \u00a0Lavable a\u0300 30\u00b0C<\/li>\n<li>\u25cf \u00a0Repassage doux conseille\u0301<\/li>\n<\/ul>\n","protected":false},"excerpt":{"rendered":"<p>\u00ab\u00a0Hourtin\u00a0\u00bb grand coussin 6 compartiments KAME associe un kaki profond avec du beige et une pointe d&rsquo;orange fonc\u00e9 rappelant les for\u00eats du M\u00e9doc.<\/p>\n","protected":false},"featured_media":694,"comment_status":"open","ping_status":"closed","template":"","meta":[],"product_brand":[],"product_cat":[20],"product_tag":[],"class_list":{"0":"post-833","1":"product","2":"type-product","3":"status-publish","4":"has-post-thumbnail","6":"product_cat-six-compartiments","8":"first","9":"instock","10":"shipping-taxable","11":"purchasable","12":"product-type-simple"},"_links":{"self":[{"href":"https:\/\/kameofficiel.fr\/index.php\/wp-json\/wp\/v2\/product\/833","targetHints":{"allow":["GET"]}}],"collection":[{"href":"https:\/\/kameofficiel.fr\/index.php\/wp-json\/wp\/v2\/product"}],"about":[{"href":"https:\/\/kameofficiel.fr\/index.php\/wp-json\/wp\/v2\/types\/product"}],"replies":[{"embeddable":true,"href":"https:\/\/kameofficiel.fr\/index.php\/wp-json\/wp\/v2\/comments?post=833"}],"wp:featuredmedia":[{"embeddable":true,"href":"https:\/\/kameofficiel.fr\/index.php\/wp-json\/wp\/v2\/media\/694"}],"wp:attachment":[{"href":"https:\/\/kameofficiel.fr\/index.php\/wp-json\/wp\/v2\/media?parent=833"}],"wp:term":[{"taxonomy":"product_brand","embeddable":true,"href":"https:\/\/kameofficiel.fr\/index.php\/wp-json\/wp\/v2\/product_brand?post=833"},{"taxonomy":"product_cat","embeddable":true,"href":"https:\/\/kameofficiel.fr\/index.php\/wp-json\/wp\/v2\/product_cat?post=833"},{"taxonomy":"product_tag","embeddable":true,"href":"https:\/\/kameofficiel.fr\/index.php\/wp-json\/wp\/v2\/product_tag?post=833"}],"curies":[{"name":"wp","href":"https:\/\/api.w.org\/{rel}","templated":true}]}}