{"id":76,"date":"2025-12-04T10:47:21","date_gmt":"2025-12-04T10:47:21","guid":{"rendered":"https:\/\/kameofficiel.fr\/?page_id=76"},"modified":"2025-12-18T22:17:10","modified_gmt":"2025-12-18T22:17:10","slug":"utilisation","status":"publish","type":"page","link":"https:\/\/kameofficiel.fr\/index.php\/utilisation\/","title":{"rendered":"Utilisation"},"content":{"rendered":"\n<p>Le coussin chauffant KAME, rempli de graines de bl\u00e9 rouge de Bordeaux, est<br>con\u00e7u pour une utilisation simple, s\u00fbre et efficace, que ce soit en thermoth\u00e9rapie<br>(chaud) ou en cryoth\u00e9rapie (froid). Voici les \u00e9tapes \u00e0 suivre pour profiter<br>pleinement de ses bienfaits.<\/p>\n\n\n\n<h2 class=\"wp-block-heading\"><br>Utilisation chaude \u2013 Thermoth\u00e9rapie<\/h2>\n\n\n\n<p>Le mode chaud est id\u00e9al pour soulager les douleurs musculaires, les tensions, les<br>r\u00e8gles douloureuses ou les maux de ventre.<br>Pour chauffer votre coussin chauffant KAME :<\/p>\n\n\n\n<ol class=\"wp-block-list\">\n<li>Placer le coussin sur une assiette propre, adapt\u00e9e au micro-ondes.<br>Cela \u00e9vite tout contact direct avec la surface du four et prot\u00e8ge le tissu.<\/li>\n\n\n\n<li>Chauffer au micro-ondes jusqu\u2019\u00e0 4 minutes maximum pour le grand<br>mod\u00e8le \u00e0 une puissance maximale de 600 W. ( 1min40 pour le mod\u00e8le<br>moyen et 1min20 pour le petit mod\u00e8le )<br>Cette puissance garantit une mont\u00e9e en chaleur progressive et sans risque<br>pour les graines naturelles.<\/li>\n\n\n\n<li>Ajouter un petit r\u00e9cipient d\u2019eau dans le micro-ondes.<br>Cette \u00e9tape permet de r\u00e9hydrater les graines \u00e0 chaque utilisation et<br>prolonger la dur\u00e9e de vie du coussin.<\/li>\n\n\n\n<li>V\u00e9rifier que le plateau tournant fonctionne librement pour une chauffe<br>uniforme.<\/li>\n\n\n\n<li>Ne pas d\u00e9passer la puissance ni la dur\u00e9e indiqu\u00e9es : une surchauffe peut<br>endommager les fibres naturelles et alt\u00e9rer les graines.<\/li>\n\n\n\n<li>Secouer d\u00e9licatement le coussin \u00e0 la sortie du micro-ondes pour r\u00e9partir la<br>chaleur de mani\u00e8re homog\u00e8ne.<\/li>\n\n\n\n<li>Tester la temp\u00e9rature avant application, surtout pour les enfants ou les<br>zones sensibles.<\/li>\n<\/ol>\n\n\n\n<figure class=\"wp-block-gallery has-nested-images columns-default is-cropped wp-block-gallery-1 is-layout-flex wp-block-gallery-is-layout-flex\">\n<figure class=\"wp-block-image size-large\"><img loading=\"lazy\" decoding=\"async\" width=\"1024\" height=\"576\" data-id=\"793\" src=\"https:\/\/kameofficiel.fr\/wp-content\/uploads\/2025\/12\/micro_ondes-1024x576.png\" alt=\"\" class=\"wp-image-793\" srcset=\"https:\/\/kameofficiel.fr\/wp-content\/uploads\/2025\/12\/micro_ondes-1024x576.png 1024w, https:\/\/kameofficiel.fr\/wp-content\/uploads\/2025\/12\/micro_ondes-300x169.png 300w, https:\/\/kameofficiel.fr\/wp-content\/uploads\/2025\/12\/micro_ondes-768x432.png 768w, https:\/\/kameofficiel.fr\/wp-content\/uploads\/2025\/12\/micro_ondes-1536x864.png 1536w, https:\/\/kameofficiel.fr\/wp-content\/uploads\/2025\/12\/micro_ondes-600x338.png 600w, https:\/\/kameofficiel.fr\/wp-content\/uploads\/2025\/12\/micro_ondes.png 1920w\" sizes=\"auto, (max-width: 1024px) 100vw, 1024px\" \/><\/figure>\n\n\n\n<figure class=\"wp-block-image size-large\"><img loading=\"lazy\" decoding=\"async\" width=\"1024\" height=\"576\" data-id=\"794\" src=\"https:\/\/kameofficiel.fr\/wp-content\/uploads\/2025\/12\/appliquer_cervicales-1024x576.png\" alt=\"\" class=\"wp-image-794\" srcset=\"https:\/\/kameofficiel.fr\/wp-content\/uploads\/2025\/12\/appliquer_cervicales-1024x576.png 1024w, https:\/\/kameofficiel.fr\/wp-content\/uploads\/2025\/12\/appliquer_cervicales-300x169.png 300w, https:\/\/kameofficiel.fr\/wp-content\/uploads\/2025\/12\/appliquer_cervicales-768x432.png 768w, https:\/\/kameofficiel.fr\/wp-content\/uploads\/2025\/12\/appliquer_cervicales-1536x864.png 1536w, https:\/\/kameofficiel.fr\/wp-content\/uploads\/2025\/12\/appliquer_cervicales-600x338.png 600w, https:\/\/kameofficiel.fr\/wp-content\/uploads\/2025\/12\/appliquer_cervicales.png 1920w\" sizes=\"auto, (max-width: 1024px) 100vw, 1024px\" \/><\/figure>\n\n\n\n<figure class=\"wp-block-image size-large\"><img loading=\"lazy\" decoding=\"async\" width=\"1024\" height=\"576\" data-id=\"795\" src=\"https:\/\/kameofficiel.fr\/wp-content\/uploads\/2025\/12\/appliquer_ventre-1024x576.png\" alt=\"\" class=\"wp-image-795\" srcset=\"https:\/\/kameofficiel.fr\/wp-content\/uploads\/2025\/12\/appliquer_ventre-1024x576.png 1024w, https:\/\/kameofficiel.fr\/wp-content\/uploads\/2025\/12\/appliquer_ventre-300x169.png 300w, https:\/\/kameofficiel.fr\/wp-content\/uploads\/2025\/12\/appliquer_ventre-768x432.png 768w, https:\/\/kameofficiel.fr\/wp-content\/uploads\/2025\/12\/appliquer_ventre-1536x864.png 1536w, https:\/\/kameofficiel.fr\/wp-content\/uploads\/2025\/12\/appliquer_ventre-600x338.png 600w, https:\/\/kameofficiel.fr\/wp-content\/uploads\/2025\/12\/appliquer_ventre.png 1920w\" sizes=\"auto, (max-width: 1024px) 100vw, 1024px\" \/><\/figure>\n<\/figure>\n\n\n\n<hr class=\"wp-block-separator has-alpha-channel-opacity\"\/>\n\n\n\n<h2 class=\"wp-block-heading\"><br>Utilisation froide \u2013 Cryoth\u00e9rapie<\/h2>\n\n\n\n<p>Le mode froid est id\u00e9al pour apaiser les migraines, r\u00e9duire les inflammations,<br>soulager les entorses, les h\u00e9matomes ou les jambes lourdes.<br>Pour utiliser votre coussin froid KAME :<\/p>\n\n\n\n<ol class=\"wp-block-list\">\n<li>Placer le coussin KAME dans un sac plastique herm\u00e9tique.<br>Cela le prot\u00e8ge de l\u2019humidit\u00e9 et pr\u00e9serve ses propri\u00e9t\u00e9s naturelles.<\/li>\n\n\n\n<li>Mettre le coussin dans le cong\u00e9lateur pendant au moins 2 heures.<br>Cette dur\u00e9e garantit un froid profond, homog\u00e8ne et non agressif.<\/li>\n\n\n\n<li>Appliquer le coussin froid sur la zone sensible d\u00e8s sa sortie du<br>cong\u00e9lateur.<br>Le froid diffus\u00e9 reste doux et progressif, id\u00e9al m\u00eame pour les peaux r\u00e9actives.<\/li>\n\n\n\n<li>Profiter d\u2019un soulagement imm\u00e9diat gr\u00e2ce au froid naturel, sans choc<br>thermique.<\/li>\n<\/ol>\n\n\n\n<hr class=\"wp-block-separator has-alpha-channel-opacity\"\/>\n\n\n\n<h2 class=\"wp-block-heading\">Entretien<\/h2>\n\n\n\n<p>Pour entretenir votre coussin KAME, d\u00e9houssez-le et lavez uniquement la housse en machine en programme doux \u00e0 30 \u00b0C. <br>Un l\u00e9ger repassage est recommand\u00e9 pour retrouver une finition impeccable.<br>Le coussin \u00e0 graines ne doit jamais \u00eatre lav\u00e9. En cas de besoin, nettoyez-le simplement avec un chiffon l\u00e9g\u00e8rement humide, puis laissez-le s\u00e9cher au micro-ondes quelques secondes. <br>Les graines de bl\u00e9 ne doivent jamais \u00eatre en contact avec l&rsquo;eau. <br>Gardez le coussin \u00e0 un endroit sec et propre<\/p>\n\n\n\n<figure class=\"wp-block-gallery has-nested-images columns-default is-cropped wp-block-gallery-2 is-layout-flex wp-block-gallery-is-layout-flex\">\n<figure class=\"wp-block-image size-large\"><img loading=\"lazy\" decoding=\"async\" width=\"1024\" height=\"576\" data-id=\"798\" src=\"https:\/\/kameofficiel.fr\/wp-content\/uploads\/2025\/12\/dehousser-1024x576.png\" alt=\"\" class=\"wp-image-798\" srcset=\"https:\/\/kameofficiel.fr\/wp-content\/uploads\/2025\/12\/dehousser-1024x576.png 1024w, https:\/\/kameofficiel.fr\/wp-content\/uploads\/2025\/12\/dehousser-300x169.png 300w, https:\/\/kameofficiel.fr\/wp-content\/uploads\/2025\/12\/dehousser-768x432.png 768w, https:\/\/kameofficiel.fr\/wp-content\/uploads\/2025\/12\/dehousser-1536x864.png 1536w, https:\/\/kameofficiel.fr\/wp-content\/uploads\/2025\/12\/dehousser-600x338.png 600w, https:\/\/kameofficiel.fr\/wp-content\/uploads\/2025\/12\/dehousser.png 1920w\" sizes=\"auto, (max-width: 1024px) 100vw, 1024px\" \/><\/figure>\n\n\n\n<figure class=\"wp-block-image size-large\"><img loading=\"lazy\" decoding=\"async\" width=\"1024\" height=\"576\" data-id=\"799\" src=\"https:\/\/kameofficiel.fr\/wp-content\/uploads\/2025\/12\/laver-1024x576.png\" alt=\"\" class=\"wp-image-799\" srcset=\"https:\/\/kameofficiel.fr\/wp-content\/uploads\/2025\/12\/laver-1024x576.png 1024w, https:\/\/kameofficiel.fr\/wp-content\/uploads\/2025\/12\/laver-300x169.png 300w, https:\/\/kameofficiel.fr\/wp-content\/uploads\/2025\/12\/laver-768x432.png 768w, https:\/\/kameofficiel.fr\/wp-content\/uploads\/2025\/12\/laver-1536x864.png 1536w, https:\/\/kameofficiel.fr\/wp-content\/uploads\/2025\/12\/laver-600x338.png 600w, https:\/\/kameofficiel.fr\/wp-content\/uploads\/2025\/12\/laver.png 1920w\" sizes=\"auto, (max-width: 1024px) 100vw, 1024px\" \/><\/figure>\n<\/figure>\n","protected":false},"excerpt":{"rendered":"<p>Le coussin chauffant KAME, rempli de graines de bl\u00e9 rouge de Bordeaux, estcon\u00e7u pour une utilisation simple, s\u00fbre et efficace, que ce soit en thermoth\u00e9rapie(chaud) ou en cryoth\u00e9rapie (froid). Voici les \u00e9tapes \u00e0 suivre pour profiterpleinement de ses bienfaits. Utilisation chaude \u2013 Thermoth\u00e9rapie Le mode chaud est id\u00e9al pour soulager les douleurs musculaires, les tensions, [&hellip;]<\/p>\n","protected":false},"author":1,"featured_media":0,"parent":0,"menu_order":0,"comment_status":"closed","ping_status":"closed","template":"","meta":{"footnotes":""},"class_list":["post-76","page","type-page","status-publish","hentry"],"_links":{"self":[{"href":"https:\/\/kameofficiel.fr\/index.php\/wp-json\/wp\/v2\/pages\/76","targetHints":{"allow":["GET"]}}],"collection":[{"href":"https:\/\/kameofficiel.fr\/index.php\/wp-json\/wp\/v2\/pages"}],"about":[{"href":"https:\/\/kameofficiel.fr\/index.php\/wp-json\/wp\/v2\/types\/page"}],"author":[{"embeddable":true,"href":"https:\/\/kameofficiel.fr\/index.php\/wp-json\/wp\/v2\/users\/1"}],"replies":[{"embeddable":true,"href":"https:\/\/kameofficiel.fr\/index.php\/wp-json\/wp\/v2\/comments?post=76"}],"version-history":[{"count":10,"href":"https:\/\/kameofficiel.fr\/index.php\/wp-json\/wp\/v2\/pages\/76\/revisions"}],"predecessor-version":[{"id":941,"href":"https:\/\/kameofficiel.fr\/index.php\/wp-json\/wp\/v2\/pages\/76\/revisions\/941"}],"wp:attachment":[{"href":"https:\/\/kameofficiel.fr\/index.php\/wp-json\/wp\/v2\/media?parent=76"}],"curies":[{"name":"wp","href":"https:\/\/api.w.org\/{rel}","templated":true}]}}