{"id":74,"date":"2025-12-04T10:26:15","date_gmt":"2025-12-04T10:26:15","guid":{"rendered":"https:\/\/kameofficiel.fr\/?page_id=74"},"modified":"2025-12-15T23:14:48","modified_gmt":"2025-12-15T23:14:48","slug":"bienfaits","status":"publish","type":"page","link":"https:\/\/kameofficiel.fr\/index.php\/bienfaits\/","title":{"rendered":"Bienfaits du coussin chauffant KAME"},"content":{"rendered":"\n<p>Le coussin chauffant KAME s\u2019adapte \u00e0 toutes les zones du corps et assure une<br>r\u00e9partition homog\u00e8ne de la chaleur ou du froid gr\u00e2ce \u00e0 son garnissage naturel en bl\u00e9<br>rouge de Bordeaux. Sa texture douce et son effet l\u00e9g\u00e8rement lest\u00e9 favorisent une d\u00e9tente<br>profonde, un rel\u00e2chement musculaire imm\u00e9diat et une sensation de confort durable.<br>Appliqu\u00e9 sur n\u2019importe quelle zone sensible (ventre, dos, nuque, \u00e9paules, articulations\u2026), il<br>aide \u00e0 soulager les douleurs, r\u00e9duire les tensions et apaiser le corps comme l\u2019esprit. Un<br>v\u00e9ritable alli\u00e9 bien-\u00eatre, utilisable au quotidien.<\/p>\n\n\n\n<hr class=\"wp-block-separator has-alpha-channel-opacity\"\/>\n\n\n\n<h2 class=\"wp-block-heading\"><br>Thermoth\u00e9rapie (utilisation chaude)<\/h2>\n\n\n\n<p>Le coussin chauffant KAME diffuse une chaleur douce et r\u00e9guli\u00e8re id\u00e9ale pour :<br><\/p>\n\n\n\n<figure class=\"wp-block-image size-large is-style-default\"><img loading=\"lazy\" decoding=\"async\" width=\"1024\" height=\"768\" src=\"https:\/\/kameofficiel.fr\/wp-content\/uploads\/2025\/12\/IMG_3072-1024x768.jpeg\" alt=\"\" class=\"wp-image-520\" srcset=\"https:\/\/kameofficiel.fr\/wp-content\/uploads\/2025\/12\/IMG_3072-1024x768.jpeg 1024w, https:\/\/kameofficiel.fr\/wp-content\/uploads\/2025\/12\/IMG_3072-300x225.jpeg 300w, https:\/\/kameofficiel.fr\/wp-content\/uploads\/2025\/12\/IMG_3072-768x576.jpeg 768w, https:\/\/kameofficiel.fr\/wp-content\/uploads\/2025\/12\/IMG_3072-1536x1152.jpeg 1536w, https:\/\/kameofficiel.fr\/wp-content\/uploads\/2025\/12\/IMG_3072-2048x1536.jpeg 2048w, https:\/\/kameofficiel.fr\/wp-content\/uploads\/2025\/12\/IMG_3072-600x450.jpeg 600w\" sizes=\"auto, (max-width: 1024px) 100vw, 1024px\" \/><\/figure>\n\n\n\n<div class=\"wp-block-group is-nowrap is-layout-flex wp-container-core-group-is-layout-ad2f72ca wp-block-group-is-layout-flex\">\n<ul class=\"wp-block-list\">\n<li>Soulager les douleurs de r\u00e8gles<\/li>\n\n\n\n<li>Apaiser les maux de ventre et coliques<\/li>\n\n\n\n<li>R\u00e9duire les maux de dos, lombalgies et tensions musculaires<\/li>\n\n\n\n<li>Att\u00e9nuer les ballonnements, troubles digestifs et naus\u00e9es<\/li>\n\n\n\n<li>D\u00e9tendre les muscles contract\u00e9s<\/li>\n\n\n\n<li>Lib\u00e9rer les tensions nerveuses, r\u00e9duire le stress et favoriser l\u2019endormissement<\/li>\n\n\n\n<li>Calmer les migraines et maux de t\u00eate (application douce)<\/li>\n\n\n\n<li>Soulager les raideurs articulaires<\/li>\n\n\n\n<li>R\u00e9chauffer les extr\u00e9mit\u00e9s froides (mains, pieds)<\/li>\n\n\n\n<li>R\u00e9chauffer le lit, la poussette ou cr\u00e9er une bulle de chaleur en hiver<\/li>\n<\/ul>\n<\/div>\n\n\n\n<p><br>La chaleur favorise la circulation sanguine et procure une sensation de r\u00e9confort<br>instantan\u00e9, parfaite pour un moment cocooning.<\/p>\n\n\n\n<hr class=\"wp-block-separator has-alpha-channel-opacity\"\/>\n\n\n\n<h2 class=\"wp-block-heading\"><br>Cryoth\u00e9rapie (utilisation froide)<\/h2>\n\n\n\n<p>Utilis\u00e9 comme coussin froid, le coussin KAME devient un outil efficace pour :<br><\/p>\n\n\n\n<figure class=\"wp-block-image size-large is-style-default\"><img loading=\"lazy\" decoding=\"async\" width=\"768\" height=\"1024\" src=\"https:\/\/kameofficiel.fr\/wp-content\/uploads\/2025\/12\/IMG_3195-768x1024.jpeg\" alt=\"\" class=\"wp-image-553\" srcset=\"https:\/\/kameofficiel.fr\/wp-content\/uploads\/2025\/12\/IMG_3195-768x1024.jpeg 768w, https:\/\/kameofficiel.fr\/wp-content\/uploads\/2025\/12\/IMG_3195-225x300.jpeg 225w, https:\/\/kameofficiel.fr\/wp-content\/uploads\/2025\/12\/IMG_3195-1152x1536.jpeg 1152w, https:\/\/kameofficiel.fr\/wp-content\/uploads\/2025\/12\/IMG_3195-1536x2048.jpeg 1536w, https:\/\/kameofficiel.fr\/wp-content\/uploads\/2025\/12\/IMG_3195-600x800.jpeg 600w, https:\/\/kameofficiel.fr\/wp-content\/uploads\/2025\/12\/IMG_3195-scaled.jpeg 1920w\" sizes=\"auto, (max-width: 768px) 100vw, 768px\" \/><\/figure>\n\n\n\n<div class=\"wp-block-group is-nowrap is-layout-flex wp-container-core-group-is-layout-ad2f72ca wp-block-group-is-layout-flex\">\n<ul class=\"wp-block-list\">\n<li>Soulager les migraines et maux de t\u00eate<\/li>\n\n\n\n<li>R\u00e9duire les inflammations<\/li>\n\n\n\n<li>Calmer les entorses et blessures sportives<\/li>\n\n\n\n<li>Att\u00e9nuer les h\u00e9matomes, coups et gonflements<\/li>\n\n\n\n<li>Apaiser les tendinites<\/li>\n\n\n\n<li>Soulager les douleurs articulaires<\/li>\n\n\n\n<li>R\u00e9duire la sensation de jambes lourdes<\/li>\n\n\n\n<li>Soulager certaines naus\u00e9es<\/li>\n\n\n\n<li>Att\u00e9nuer les bouff\u00e9es de chaleur (m\u00e9nopause, stress, surchauffe)<\/li>\n<\/ul>\n<\/div>\n\n\n\n<p>Le froid aide \u00e0 limiter l\u2019inflammation, procure un effet anesth\u00e9siant naturel et apporte une<br>sensation de fra\u00eecheur imm\u00e9diate.<\/p>\n\n\n\n<hr class=\"wp-block-separator has-alpha-channel-opacity\"\/>\n","protected":false},"excerpt":{"rendered":"<p>Le coussin chauffant KAME s\u2019adapte \u00e0 toutes les zones du corps et assure uner\u00e9partition homog\u00e8ne de la chaleur ou du froid gr\u00e2ce \u00e0 son garnissage naturel en bl\u00e9rouge de Bordeaux. Sa texture douce et son effet l\u00e9g\u00e8rement lest\u00e9 favorisent une d\u00e9tenteprofonde, un rel\u00e2chement musculaire imm\u00e9diat et une sensation de confort durable.Appliqu\u00e9 sur n\u2019importe quelle zone [&hellip;]<\/p>\n","protected":false},"author":1,"featured_media":0,"parent":0,"menu_order":0,"comment_status":"closed","ping_status":"closed","template":"","meta":{"footnotes":""},"class_list":["post-74","page","type-page","status-publish","hentry"],"_links":{"self":[{"href":"https:\/\/kameofficiel.fr\/index.php\/wp-json\/wp\/v2\/pages\/74","targetHints":{"allow":["GET"]}}],"collection":[{"href":"https:\/\/kameofficiel.fr\/index.php\/wp-json\/wp\/v2\/pages"}],"about":[{"href":"https:\/\/kameofficiel.fr\/index.php\/wp-json\/wp\/v2\/types\/page"}],"author":[{"embeddable":true,"href":"https:\/\/kameofficiel.fr\/index.php\/wp-json\/wp\/v2\/users\/1"}],"replies":[{"embeddable":true,"href":"https:\/\/kameofficiel.fr\/index.php\/wp-json\/wp\/v2\/comments?post=74"}],"version-history":[{"count":8,"href":"https:\/\/kameofficiel.fr\/index.php\/wp-json\/wp\/v2\/pages\/74\/revisions"}],"predecessor-version":[{"id":914,"href":"https:\/\/kameofficiel.fr\/index.php\/wp-json\/wp\/v2\/pages\/74\/revisions\/914"}],"wp:attachment":[{"href":"https:\/\/kameofficiel.fr\/index.php\/wp-json\/wp\/v2\/media?parent=74"}],"curies":[{"name":"wp","href":"https:\/\/api.w.org\/{rel}","templated":true}]}}